{"id":36,"date":"2021-02-15T17:44:44","date_gmt":"2021-02-15T14:44:44","guid":{"rendered":"https:\/\/collanteca.md\/?page_id=36"},"modified":"2025-03-20T02:54:58","modified_gmt":"2025-03-19T23:54:58","slug":"o-nas","status":"publish","type":"page","link":"https:\/\/collanteca.md\/ro\/o-nas\/","title":{"rendered":"Despre noi"},"content":{"rendered":"<div class=\"wpb-content-wrapper\"><div class=\"vc_row wpb_row vc_row-fluid\"><div class=\"wpb_column vc_column_container vc_col-sm-3\"><div class=\"vc_column-inner\"><div class=\"wpb_wrapper\">\n\t<div  class=\"wpb_single_image wpb_content_element vc_align_left\">\n\t\t\n\t\t<figure class=\"wpb_wrapper vc_figure\">\n\t\t\t<div class=\"vc_single_image-wrapper   vc_box_border_grey\"><img decoding=\"async\" class=\"vc_single_image-img\" src=\"https:\/\/collanteca.md\/wp-content\/uploads\/pexels-olha-ruskykh-6454941-scaled-300x300.jpg\" width=\"300\" height=\"300\" alt=\"pexels-olha-ruskykh-6454941\" title=\"pexels-olha-ruskykh-6454941\" loading=\"lazy\" \/><\/div>\n\t\t<\/figure>\n\t<\/div>\n<\/div><\/div><\/div><div class=\"wpb_column vc_column_container vc_col-sm-3\"><div class=\"vc_column-inner\"><div class=\"wpb_wrapper\">\n\t\t<div id=\"wd-6449726025b0a\" class=\"title-wrapper wd-wpb wd-set-mb reset-last-child  wd-rs-6449726025b0a wd-title-color-default wd-title-style-default text-left  wd-underline-colored\">\n\t\t\t\n\t\t\t<div class=\"liner-continer\">\n\t\t\t\t<h2 class=\"woodmart-title-container title  wd-font-weight-600 wd-fontsize-l\" >Cine suntem noi<\/h2>\n\t\t\t\t\t\t\t<\/div>\n\t\t\t\n\t\t\t\n\t\t\t\n\t\t<\/div>\n\t\t\n\t\t\n\t<div class=\"wpb_text_column wpb_content_element\" >\n\t\t<div class=\"wpb_wrapper\">\n\t\t\t<h4>Collanteca este un magazin de colanti de calitate, ciorapi, ciorapi si alte lucruri mici dragute din Italia si Turcia.<\/h4>\n\n\t\t<\/div>\n\t<\/div>\n<\/div><\/div><\/div><\/div><div class=\"vc_row wpb_row vc_row-fluid\"><div class=\"wpb_column vc_column_container vc_col-sm-3\"><div class=\"vc_column-inner\"><div class=\"wpb_wrapper\"><\/div><\/div><\/div><div class=\"wpb_column vc_column_container vc_col-sm-3\"><div class=\"vc_column-inner\"><div class=\"wpb_wrapper\"><\/div><\/div><\/div><div class=\"wpb_column vc_column_container vc_col-sm-3\"><div class=\"vc_column-inner\"><div class=\"wpb_wrapper\">\n\t<div  class=\"wpb_single_image wpb_content_element vc_align_left\">\n\t\t\n\t\t<figure class=\"wpb_wrapper vc_figure\">\n\t\t\t<div class=\"vc_single_image-wrapper   vc_box_border_grey\"><img decoding=\"async\" class=\"vc_single_image-img\" src=\"https:\/\/collanteca.md\/wp-content\/uploads\/pexels-huy-phan-3076899-scaled-300x300.jpg\" width=\"300\" height=\"300\" alt=\"pexels-huy-phan-3076899\" title=\"pexels-huy-phan-3076899\" loading=\"lazy\" \/><\/div>\n\t\t<\/figure>\n\t<\/div>\n<\/div><\/div><\/div><div class=\"wpb_column vc_column_container vc_col-sm-3\"><div class=\"vc_column-inner\"><div class=\"wpb_wrapper\">\n\t\t<div id=\"wd-6449728ab2fb3\" class=\"title-wrapper wd-wpb wd-set-mb reset-last-child  wd-rs-6449728ab2fb3 wd-title-color-default wd-title-style-default text-left  wd-underline-colored\">\n\t\t\t\n\t\t\t<div class=\"liner-continer\">\n\t\t\t\t<h2 class=\"woodmart-title-container title  wd-font-weight-600 wd-fontsize-l\" >Politica de pret<\/h2>\n\t\t\t\t\t\t\t<\/div>\n\t\t\t\n\t\t\t\n\t\t\t\n\t\t<\/div>\n\t\t\n\t\t\n\t<div class=\"wpb_text_column wpb_content_element\" >\n\t\t<div class=\"wpb_wrapper\">\n\t\t\t<h4>Dac\u0103 g\u0103si\u021bi acela\u0219i articol mai ieftin, v\u0103 rug\u0103m s\u0103 ne anun\u021ba\u021bi. Dac\u0103 acest fapt este confirmat, vom revizui pre\u021bul produsului.<\/h4>\n\n\t\t<\/div>\n\t<\/div>\n<\/div><\/div><\/div><\/div><div class=\"vc_row wpb_row vc_row-fluid\"><div class=\"wpb_column vc_column_container vc_col-sm-3\"><div class=\"vc_column-inner\"><div class=\"wpb_wrapper\">\n\t<div  class=\"wpb_single_image wpb_content_element vc_align_left\">\n\t\t\n\t\t<figure class=\"wpb_wrapper vc_figure\">\n\t\t\t<div class=\"vc_single_image-wrapper   vc_box_border_grey\"><img decoding=\"async\" class=\"vc_single_image-img\" src=\"https:\/\/collanteca.md\/wp-content\/uploads\/pexels-jill-burrow-5987222-300x300.jpg\" width=\"300\" height=\"300\" alt=\"pexels-jill-burrow-5987222\" title=\"pexels-jill-burrow-5987222\" loading=\"lazy\" \/><\/div>\n\t\t<\/figure>\n\t<\/div>\n<\/div><\/div><\/div><div class=\"wpb_column vc_column_container vc_col-sm-3\"><div class=\"vc_column-inner\"><div class=\"wpb_wrapper\">\n\t\t<div id=\"wd-60632dafe5ab7\" class=\"title-wrapper wd-wpb wd-set-mb reset-last-child  wd-rs-60632dafe5ab7 wd-title-color-default wd-title-style-default text-left  wd-underline-colored\">\n\t\t\t\n\t\t\t<div class=\"liner-continer\">\n\t\t\t\t<h2 class=\"woodmart-title-container title  wd-font-weight-600 wd-fontsize-l\" >Fabricat in Italia<\/h2>\n\t\t\t\t\t\t\t<\/div>\n\t\t\t\n\t\t\t\n\t\t\t\n\t\t<\/div>\n\t\t\n\t\t\n\t<div class=\"wpb_text_column wpb_content_element\" >\n\t\t<div class=\"wpb_wrapper\">\n\t\t\t<h4>\u00cen magazinele Collanteca g\u0103se\u0219ti doar m\u0103rci italiene dovedite.<\/h4>\n\n\t\t<\/div>\n\t<\/div>\n<\/div><\/div><\/div><\/div><div class=\"vc_row wpb_row vc_row-fluid\"><div class=\"wpb_column vc_column_container vc_col-sm-3\"><div class=\"vc_column-inner\"><div class=\"wpb_wrapper\"><\/div><\/div><\/div><div class=\"wpb_column vc_column_container vc_col-sm-3\"><div class=\"vc_column-inner\"><div class=\"wpb_wrapper\"><\/div><\/div><\/div><div class=\"wpb_column vc_column_container vc_col-sm-3\"><div class=\"vc_column-inner\"><div class=\"wpb_wrapper\">\t\t<div class=\"promo-banner-wrapper  wd-rs-606350335d133\">\n\t\t\t<div id=\"wd-606350335d133\" class=\"promo-banner  banner- banner-hover-zoom color-scheme-light banner-btn-size-default banner-btn-style-default  wd-with-link wd-underline-colored\">\n\t\t\t\t<div class=\"main-wrapp-img\">\n\t\t\t\t\t<div class=\"banner-image wd-bg-position-center\" >\n\t\t\t\t\t\t<img loading=\"lazy\" decoding=\"async\" width=\"366\" height=\"150\" src=\"https:\/\/collanteca.md\/wp-content\/uploads\/cotonella-logo-2019.png\" class=\"attachment-800x600 size-800x600\" alt=\"\" \/>\t\t\t\t\t<\/div>\n\t\t\t\t<\/div>\n\n\t\t\t\t<div class=\"wrapper-content-banner wd-fill  wd-items-top wd-justify-left\">\n\t\t\t\t\t<div class=\"content-banner  text-left\">\n\t\t\t\t\t\t\t\t\t\t\t\t\n\t\t\t\t\t\t\n\t\t\t\t\t\t\t\t\t\t\t<\/div>\n\t\t\t\t<\/div>\n\n\t\t\t\t\t\t\t\t\t<a class=\"wd-promo-banner-link wd-fill\" aria-label=\"Banner link\" href=\"https:\/\/collanteca.md\/ro\/ru\/brand\/bellissima\/\" title=\"\"><\/a>\n\t\t\t\t\n\t\t\t\t\t\t\t<\/div>\n\t\t<\/div>\n\n\t\t<div class=\"vc_separator wpb_content_element vc_separator_align_center vc_sep_width_100 vc_sep_pos_align_center vc_separator_no_text vc_sep_color_grey\" ><span class=\"vc_sep_holder vc_sep_holder_l\"><span class=\"vc_sep_line\"><\/span><\/span><span class=\"vc_sep_holder vc_sep_holder_r\"><span class=\"vc_sep_line\"><\/span><\/span>\n<\/div><\/div><\/div><\/div><div class=\"wpb_column vc_column_container vc_col-sm-3\"><div class=\"vc_column-inner\"><div class=\"wpb_wrapper\">\n\t<div class=\"wpb_text_column wpb_content_element\" >\n\t\t<div class=\"wpb_wrapper\">\n\t\t\t<h4>Colan\u021bii, ciorapii, \u0219osetele pentru genunchi, \u0219osetele \u0219i topurile BELLISSIMA sunt produse cu ajutorul energiei solare. Colec\u021biile acestui brand se caracterizeaz\u0103 prin calitate \u00eenalt\u0103 \u0219i stil laconic.<\/h4>\n\n\t\t<\/div>\n\t<\/div>\n<\/div><\/div><\/div><\/div><div class=\"vc_row wpb_row vc_row-fluid\"><div class=\"wpb_column vc_column_container vc_col-sm-3\"><div class=\"vc_column-inner\"><div class=\"wpb_wrapper\">\t\t<div class=\"promo-banner-wrapper  wd-rs-60636a6ed3780\">\n\t\t\t<div id=\"wd-60636a6ed3780\" class=\"promo-banner  banner- banner-hover-zoom color-scheme-light banner-btn-size-default banner-btn-style-default  wd-with-link wd-underline-colored\">\n\t\t\t\t<div class=\"main-wrapp-img\">\n\t\t\t\t\t<div class=\"banner-image wd-bg-position-center\" >\n\t\t\t\t\t\t<img loading=\"lazy\" decoding=\"async\" width=\"180\" height=\"60\" src=\"https:\/\/collanteca.md\/wp-content\/uploads\/franzoni.png\" class=\"attachment-800x600 size-800x600\" alt=\"\" \/>\t\t\t\t\t<\/div>\n\t\t\t\t<\/div>\n\n\t\t\t\t<div class=\"wrapper-content-banner wd-fill  wd-items-top wd-justify-left\">\n\t\t\t\t\t<div class=\"content-banner  text-left\">\n\t\t\t\t\t\t\t\t\t\t\t\t\n\t\t\t\t\t\t\n\t\t\t\t\t\t\t\t\t\t\t<\/div>\n\t\t\t\t<\/div>\n\n\t\t\t\t\t\t\t\t\t<a class=\"wd-promo-banner-link wd-fill\" aria-label=\"Banner link\" href=\"https:\/\/collanteca.md\/ro\/ru\/brand\/franzoni\/\" title=\"\"><\/a>\n\t\t\t\t\n\t\t\t\t\t\t\t<\/div>\n\t\t<\/div>\n\n\t\t<div class=\"vc_separator wpb_content_element vc_separator_align_center vc_sep_width_100 vc_sep_pos_align_center vc_separator_no_text vc_sep_color_grey\" ><span class=\"vc_sep_holder vc_sep_holder_l\"><span class=\"vc_sep_line\"><\/span><\/span><span class=\"vc_sep_holder vc_sep_holder_r\"><span class=\"vc_sep_line\"><\/span><\/span>\n<\/div><\/div><\/div><\/div><div class=\"wpb_column vc_column_container vc_col-sm-3\"><div class=\"vc_column-inner\"><div class=\"wpb_wrapper\">\n\t<div class=\"wpb_text_column wpb_content_element\" >\n\t\t<div class=\"wpb_wrapper\">\n\t\t\t<h4>Franzoni p\u0103streaz\u0103 tradi\u021biile italiene de produc\u021bie de ciorapi, combin\u00e2ndu-le cu cele mai noi tendin\u021be de mod\u0103.<\/h4>\n\n\t\t<\/div>\n\t<\/div>\n<\/div><\/div><\/div><div class=\"wpb_column vc_column_container vc_col-sm-3\"><div class=\"vc_column-inner\"><div class=\"wpb_wrapper\"><\/div><\/div><\/div><div class=\"wpb_column vc_column_container vc_col-sm-3\"><div class=\"vc_column-inner\"><div class=\"wpb_wrapper\"><\/div><\/div><\/div><\/div><div class=\"vc_row wpb_row vc_row-fluid\"><div class=\"wpb_column vc_column_container vc_col-sm-3\"><div class=\"vc_column-inner\"><div class=\"wpb_wrapper\"><\/div><\/div><\/div><div class=\"wpb_column vc_column_container vc_col-sm-3\"><div class=\"vc_column-inner\"><div class=\"wpb_wrapper\"><\/div><\/div><\/div><div class=\"wpb_column vc_column_container vc_col-sm-3\"><div class=\"vc_column-inner\"><div class=\"wpb_wrapper\"><\/div><\/div><\/div><div class=\"wpb_column vc_column_container vc_col-sm-3\"><div class=\"vc_column-inner\"><div class=\"wpb_wrapper\"><\/div><\/div><\/div><\/div>\n<\/div>","protected":false},"excerpt":{"rendered":"\u041a\u0442\u043e \u043c\u044b Collanteca \u2014 \u044d\u0442\u043e \u043c\u0430\u0433\u0430\u0437\u0438\u043d \u043a\u0430\u0447\u0435\u0441\u0442\u0432\u0435\u043d\u043d\u044b\u0445 \u043a\u043e\u043b\u0433\u043e\u0442\u043e\u043a, \u0447\u0443\u043b\u043e\u043a, \u043d\u043e\u0441\u043a\u043e\u0432 \u0438 \u0434\u0440\u0443\u0433\u0438\u0445 \u043f\u0440\u0438\u044f\u0442\u043d\u044b\u0445 \u043c\u0435\u043b\u043e\u0447\u0435\u0439 \u0438\u0437 \u0418\u0442\u0430\u043b\u0438\u0438 \u0438 \u0422\u0443\u0440\u0446\u0438\u0438. \u0426\u0435\u043d\u043e\u0432\u0430\u044f \u043f\u043e\u043b\u0438\u0442\u0438\u043a\u0430","protected":false},"author":163,"featured_media":64,"parent":0,"menu_order":0,"comment_status":"closed","ping_status":"closed","template":"","meta":{"footnotes":""},"class_list":["post-36","page","type-page","status-publish","has-post-thumbnail","hentry"],"yoast_head":"<!-- This site is optimized with the Yoast SEO plugin v27.4 - https:\/\/yoast.com\/product\/yoast-seo-wordpress\/ -->\n<title>\u041e \u043d\u0430\u0441 &#8211; \u043c\u0430\u0433\u0430\u0437\u0438\u043d \u0438\u0442\u0430\u043b\u044c\u044f\u043d\u0441\u043a\u0438\u0445 \u043a\u043e\u043b\u0433\u043e\u0442\u043e\u043a \u0432 \u041c\u043e\u043b\u0434\u043e\u0432\u0435.<\/title>\n<meta name=\"description\" content=\"\u0412 \u043d\u0430\u0448\u0435\u043c \u043c\u0430\u0433\u0430\u0437\u0438\u043d\u0435 \u0432\u044b \u043c\u043e\u0436\u0435\u0442\u0435 \u043f\u0440\u0438\u043e\u0431\u0440\u0435\u0441\u0442\u0438 \u043a\u043e\u043b\u0433\u043e\u0442\u043a\u0438 Bellissima, ORi, Franzoni, \u0430 \u0442\u0430\u043a \u0436\u0435 \u0442\u0440\u0443\u0441\u044b, \u043c\u0430\u0439\u043a\u0438, \u043d\u043e\u0441\u043a\u0438 \u0438\u0437 \u0445\u043b\u043e\u043f\u043a\u0430 \u0438 \u043c\u0438\u043a\u0440\u043e\u0444\u0438\u0431\u0440\u044b - \u0434\u043b\u044f \u043c\u0443\u0436\u0447\u0438\u043d \u0438 \u0436\u0435\u043d\u0449\u0438\u043d.\" \/>\n<meta name=\"robots\" content=\"index, follow, max-snippet:-1, max-image-preview:large, max-video-preview:-1\" \/>\n<link rel=\"canonical\" href=\"https:\/\/collanteca.md\/ro\/o-nas\/\" \/>\n<meta property=\"og:locale\" content=\"ro_RO\" \/>\n<meta property=\"og:type\" content=\"article\" \/>\n<meta property=\"og:title\" content=\"\u041e \u043d\u0430\u0441 &#8211; \u043c\u0430\u0433\u0430\u0437\u0438\u043d \u0438\u0442\u0430\u043b\u044c\u044f\u043d\u0441\u043a\u0438\u0445 \u043a\u043e\u043b\u0433\u043e\u0442\u043e\u043a \u0432 \u041c\u043e\u043b\u0434\u043e\u0432\u0435.\" \/>\n<meta property=\"og:description\" content=\"\u0412 \u043d\u0430\u0448\u0435\u043c \u043c\u0430\u0433\u0430\u0437\u0438\u043d\u0435 \u0432\u044b \u043c\u043e\u0436\u0435\u0442\u0435 \u043f\u0440\u0438\u043e\u0431\u0440\u0435\u0441\u0442\u0438 \u043a\u043e\u043b\u0433\u043e\u0442\u043a\u0438 Bellissima, ORi, Franzoni, \u0430 \u0442\u0430\u043a \u0436\u0435 \u0442\u0440\u0443\u0441\u044b, \u043c\u0430\u0439\u043a\u0438, \u043d\u043e\u0441\u043a\u0438 \u0438\u0437 \u0445\u043b\u043e\u043f\u043a\u0430 \u0438 \u043c\u0438\u043a\u0440\u043e\u0444\u0438\u0431\u0440\u044b - \u0434\u043b\u044f \u043c\u0443\u0436\u0447\u0438\u043d \u0438 \u0436\u0435\u043d\u0449\u0438\u043d.\" \/>\n<meta property=\"og:url\" content=\"https:\/\/collanteca.md\/ro\/o-nas\/\" \/>\n<meta property=\"og:site_name\" content=\"collanteca.md\" \/>\n<meta property=\"article:modified_time\" content=\"2025-03-19T23:54:58+00:00\" \/>\n<meta property=\"og:image\" content=\"https:\/\/collanteca.md\/wp-content\/uploads\/cropped-favicon.png\" \/>\n\t<meta property=\"og:image:width\" content=\"512\" \/>\n\t<meta property=\"og:image:height\" content=\"512\" \/>\n\t<meta property=\"og:image:type\" content=\"image\/png\" \/>\n<meta name=\"twitter:card\" content=\"summary_large_image\" \/>\n<meta name=\"twitter:label1\" content=\"Timp estimat pentru citire\" \/>\n\t<meta name=\"twitter:data1\" content=\"3 minute\" \/>\n<script type=\"application\/ld+json\" class=\"yoast-schema-graph\">{\"@context\":\"https:\\\/\\\/schema.org\",\"@graph\":[{\"@type\":\"WebPage\",\"@id\":\"https:\\\/\\\/collanteca.md\\\/o-nas\\\/\",\"url\":\"https:\\\/\\\/collanteca.md\\\/o-nas\\\/\",\"name\":\"\u041e \u043d\u0430\u0441 &#8211; \u043c\u0430\u0433\u0430\u0437\u0438\u043d \u0438\u0442\u0430\u043b\u044c\u044f\u043d\u0441\u043a\u0438\u0445 \u043a\u043e\u043b\u0433\u043e\u0442\u043e\u043a \u0432 \u041c\u043e\u043b\u0434\u043e\u0432\u0435.\",\"isPartOf\":{\"@id\":\"https:\\\/\\\/collanteca.md\\\/#website\"},\"primaryImageOfPage\":{\"@id\":\"https:\\\/\\\/collanteca.md\\\/o-nas\\\/#primaryimage\"},\"image\":{\"@id\":\"https:\\\/\\\/collanteca.md\\\/o-nas\\\/#primaryimage\"},\"thumbnailUrl\":\"https:\\\/\\\/collanteca.md\\\/wp-content\\\/uploads\\\/cropped-favicon.png\",\"datePublished\":\"2021-02-15T14:44:44+00:00\",\"dateModified\":\"2025-03-19T23:54:58+00:00\",\"description\":\"\u0412 \u043d\u0430\u0448\u0435\u043c \u043c\u0430\u0433\u0430\u0437\u0438\u043d\u0435 \u0432\u044b \u043c\u043e\u0436\u0435\u0442\u0435 \u043f\u0440\u0438\u043e\u0431\u0440\u0435\u0441\u0442\u0438 \u043a\u043e\u043b\u0433\u043e\u0442\u043a\u0438 Bellissima, ORi, Franzoni, \u0430 \u0442\u0430\u043a \u0436\u0435 \u0442\u0440\u0443\u0441\u044b, \u043c\u0430\u0439\u043a\u0438, \u043d\u043e\u0441\u043a\u0438 \u0438\u0437 \u0445\u043b\u043e\u043f\u043a\u0430 \u0438 \u043c\u0438\u043a\u0440\u043e\u0444\u0438\u0431\u0440\u044b - \u0434\u043b\u044f \u043c\u0443\u0436\u0447\u0438\u043d \u0438 \u0436\u0435\u043d\u0449\u0438\u043d.\",\"breadcrumb\":{\"@id\":\"https:\\\/\\\/collanteca.md\\\/o-nas\\\/#breadcrumb\"},\"inLanguage\":\"ro-RO\",\"potentialAction\":[{\"@type\":\"ReadAction\",\"target\":[\"https:\\\/\\\/collanteca.md\\\/o-nas\\\/\"]}]},{\"@type\":\"ImageObject\",\"inLanguage\":\"ro-RO\",\"@id\":\"https:\\\/\\\/collanteca.md\\\/o-nas\\\/#primaryimage\",\"url\":\"https:\\\/\\\/collanteca.md\\\/wp-content\\\/uploads\\\/cropped-favicon.png\",\"contentUrl\":\"https:\\\/\\\/collanteca.md\\\/wp-content\\\/uploads\\\/cropped-favicon.png\",\"width\":512,\"height\":512},{\"@type\":\"BreadcrumbList\",\"@id\":\"https:\\\/\\\/collanteca.md\\\/o-nas\\\/#breadcrumb\",\"itemListElement\":[{\"@type\":\"ListItem\",\"position\":1,\"name\":\"Principala\",\"item\":\"https:\\\/\\\/collanteca.md\\\/\"},{\"@type\":\"ListItem\",\"position\":2,\"name\":\"\u041e \u043d\u0430\u0441\"}]},{\"@type\":\"WebSite\",\"@id\":\"https:\\\/\\\/collanteca.md\\\/#website\",\"url\":\"https:\\\/\\\/collanteca.md\\\/\",\"name\":\"collanteca.md\",\"description\":\"\u041c\u0430\u0433\u0430\u0437\u0438\u043d \u0438\u0442\u0430\u043b\u044c\u044f\u043d\u0441\u043a\u0438\u0445 \u043a\u043e\u043b\u0433\u043e\u0442\u043e\u043a \u0432 \u041c\u043e\u043b\u0434\u043e\u0432\u0435\",\"publisher\":{\"@id\":\"https:\\\/\\\/collanteca.md\\\/#organization\"},\"potentialAction\":[{\"@type\":\"SearchAction\",\"target\":{\"@type\":\"EntryPoint\",\"urlTemplate\":\"https:\\\/\\\/collanteca.md\\\/?s={search_term_string}\"},\"query-input\":{\"@type\":\"PropertyValueSpecification\",\"valueRequired\":true,\"valueName\":\"search_term_string\"}}],\"inLanguage\":\"ro-RO\"},{\"@type\":\"Organization\",\"@id\":\"https:\\\/\\\/collanteca.md\\\/#organization\",\"name\":\"\u041c\u0430\u0433\u0430\u0437\u0438\u043d \u0438\u0442\u0430\u043b\u044c\u044f\u043d\u0441\u043a\u0438\u0445 \u043a\u043e\u043b\u0433\u043e\u0442\u043e\u043a \u0432 \u041c\u043e\u043b\u0434\u043e\u0432\u0435 collanteca.md\",\"url\":\"https:\\\/\\\/collanteca.md\\\/\",\"logo\":{\"@type\":\"ImageObject\",\"inLanguage\":\"ro-RO\",\"@id\":\"https:\\\/\\\/collanteca.md\\\/#\\\/schema\\\/logo\\\/image\\\/\",\"url\":\"https:\\\/\\\/collanteca.md\\\/wp-content\\\/uploads\\\/logo_collanteca.png\",\"contentUrl\":\"https:\\\/\\\/collanteca.md\\\/wp-content\\\/uploads\\\/logo_collanteca.png\",\"width\":2133,\"height\":671,\"caption\":\"\u041c\u0430\u0433\u0430\u0437\u0438\u043d \u0438\u0442\u0430\u043b\u044c\u044f\u043d\u0441\u043a\u0438\u0445 \u043a\u043e\u043b\u0433\u043e\u0442\u043e\u043a \u0432 \u041c\u043e\u043b\u0434\u043e\u0432\u0435 collanteca.md\"},\"image\":{\"@id\":\"https:\\\/\\\/collanteca.md\\\/#\\\/schema\\\/logo\\\/image\\\/\"}}]}<\/script>\n<!-- \/ Yoast SEO plugin. -->","yoast_head_json":{"title":"\u041e \u043d\u0430\u0441 &#8211; \u043c\u0430\u0433\u0430\u0437\u0438\u043d \u0438\u0442\u0430\u043b\u044c\u044f\u043d\u0441\u043a\u0438\u0445 \u043a\u043e\u043b\u0433\u043e\u0442\u043e\u043a \u0432 \u041c\u043e\u043b\u0434\u043e\u0432\u0435.","description":"\u0412 \u043d\u0430\u0448\u0435\u043c \u043c\u0430\u0433\u0430\u0437\u0438\u043d\u0435 \u0432\u044b \u043c\u043e\u0436\u0435\u0442\u0435 \u043f\u0440\u0438\u043e\u0431\u0440\u0435\u0441\u0442\u0438 \u043a\u043e\u043b\u0433\u043e\u0442\u043a\u0438 Bellissima, ORi, Franzoni, \u0430 \u0442\u0430\u043a \u0436\u0435 \u0442\u0440\u0443\u0441\u044b, \u043c\u0430\u0439\u043a\u0438, \u043d\u043e\u0441\u043a\u0438 \u0438\u0437 \u0445\u043b\u043e\u043f\u043a\u0430 \u0438 \u043c\u0438\u043a\u0440\u043e\u0444\u0438\u0431\u0440\u044b - \u0434\u043b\u044f \u043c\u0443\u0436\u0447\u0438\u043d \u0438 \u0436\u0435\u043d\u0449\u0438\u043d.","robots":{"index":"index","follow":"follow","max-snippet":"max-snippet:-1","max-image-preview":"max-image-preview:large","max-video-preview":"max-video-preview:-1"},"canonical":"https:\/\/collanteca.md\/ro\/o-nas\/","og_locale":"ro_RO","og_type":"article","og_title":"\u041e \u043d\u0430\u0441 &#8211; \u043c\u0430\u0433\u0430\u0437\u0438\u043d \u0438\u0442\u0430\u043b\u044c\u044f\u043d\u0441\u043a\u0438\u0445 \u043a\u043e\u043b\u0433\u043e\u0442\u043e\u043a \u0432 \u041c\u043e\u043b\u0434\u043e\u0432\u0435.","og_description":"\u0412 \u043d\u0430\u0448\u0435\u043c \u043c\u0430\u0433\u0430\u0437\u0438\u043d\u0435 \u0432\u044b \u043c\u043e\u0436\u0435\u0442\u0435 \u043f\u0440\u0438\u043e\u0431\u0440\u0435\u0441\u0442\u0438 \u043a\u043e\u043b\u0433\u043e\u0442\u043a\u0438 Bellissima, ORi, Franzoni, \u0430 \u0442\u0430\u043a \u0436\u0435 \u0442\u0440\u0443\u0441\u044b, \u043c\u0430\u0439\u043a\u0438, \u043d\u043e\u0441\u043a\u0438 \u0438\u0437 \u0445\u043b\u043e\u043f\u043a\u0430 \u0438 \u043c\u0438\u043a\u0440\u043e\u0444\u0438\u0431\u0440\u044b - \u0434\u043b\u044f \u043c\u0443\u0436\u0447\u0438\u043d \u0438 \u0436\u0435\u043d\u0449\u0438\u043d.","og_url":"https:\/\/collanteca.md\/ro\/o-nas\/","og_site_name":"collanteca.md","article_modified_time":"2025-03-19T23:54:58+00:00","og_image":[{"width":512,"height":512,"url":"https:\/\/collanteca.md\/wp-content\/uploads\/cropped-favicon.png","type":"image\/png"}],"twitter_card":"summary_large_image","twitter_misc":{"Timp estimat pentru citire":"3 minute"},"schema":{"@context":"https:\/\/schema.org","@graph":[{"@type":"WebPage","@id":"https:\/\/collanteca.md\/o-nas\/","url":"https:\/\/collanteca.md\/o-nas\/","name":"\u041e \u043d\u0430\u0441 &#8211; \u043c\u0430\u0433\u0430\u0437\u0438\u043d \u0438\u0442\u0430\u043b\u044c\u044f\u043d\u0441\u043a\u0438\u0445 \u043a\u043e\u043b\u0433\u043e\u0442\u043e\u043a \u0432 \u041c\u043e\u043b\u0434\u043e\u0432\u0435.","isPartOf":{"@id":"https:\/\/collanteca.md\/#website"},"primaryImageOfPage":{"@id":"https:\/\/collanteca.md\/o-nas\/#primaryimage"},"image":{"@id":"https:\/\/collanteca.md\/o-nas\/#primaryimage"},"thumbnailUrl":"https:\/\/collanteca.md\/wp-content\/uploads\/cropped-favicon.png","datePublished":"2021-02-15T14:44:44+00:00","dateModified":"2025-03-19T23:54:58+00:00","description":"\u0412 \u043d\u0430\u0448\u0435\u043c \u043c\u0430\u0433\u0430\u0437\u0438\u043d\u0435 \u0432\u044b \u043c\u043e\u0436\u0435\u0442\u0435 \u043f\u0440\u0438\u043e\u0431\u0440\u0435\u0441\u0442\u0438 \u043a\u043e\u043b\u0433\u043e\u0442\u043a\u0438 Bellissima, ORi, Franzoni, \u0430 \u0442\u0430\u043a \u0436\u0435 \u0442\u0440\u0443\u0441\u044b, \u043c\u0430\u0439\u043a\u0438, \u043d\u043e\u0441\u043a\u0438 \u0438\u0437 \u0445\u043b\u043e\u043f\u043a\u0430 \u0438 \u043c\u0438\u043a\u0440\u043e\u0444\u0438\u0431\u0440\u044b - \u0434\u043b\u044f \u043c\u0443\u0436\u0447\u0438\u043d \u0438 \u0436\u0435\u043d\u0449\u0438\u043d.","breadcrumb":{"@id":"https:\/\/collanteca.md\/o-nas\/#breadcrumb"},"inLanguage":"ro-RO","potentialAction":[{"@type":"ReadAction","target":["https:\/\/collanteca.md\/o-nas\/"]}]},{"@type":"ImageObject","inLanguage":"ro-RO","@id":"https:\/\/collanteca.md\/o-nas\/#primaryimage","url":"https:\/\/collanteca.md\/wp-content\/uploads\/cropped-favicon.png","contentUrl":"https:\/\/collanteca.md\/wp-content\/uploads\/cropped-favicon.png","width":512,"height":512},{"@type":"BreadcrumbList","@id":"https:\/\/collanteca.md\/o-nas\/#breadcrumb","itemListElement":[{"@type":"ListItem","position":1,"name":"Principala","item":"https:\/\/collanteca.md\/"},{"@type":"ListItem","position":2,"name":"\u041e \u043d\u0430\u0441"}]},{"@type":"WebSite","@id":"https:\/\/collanteca.md\/#website","url":"https:\/\/collanteca.md\/","name":"collanteca.md","description":"\u041c\u0430\u0433\u0430\u0437\u0438\u043d \u0438\u0442\u0430\u043b\u044c\u044f\u043d\u0441\u043a\u0438\u0445 \u043a\u043e\u043b\u0433\u043e\u0442\u043e\u043a \u0432 \u041c\u043e\u043b\u0434\u043e\u0432\u0435","publisher":{"@id":"https:\/\/collanteca.md\/#organization"},"potentialAction":[{"@type":"SearchAction","target":{"@type":"EntryPoint","urlTemplate":"https:\/\/collanteca.md\/?s={search_term_string}"},"query-input":{"@type":"PropertyValueSpecification","valueRequired":true,"valueName":"search_term_string"}}],"inLanguage":"ro-RO"},{"@type":"Organization","@id":"https:\/\/collanteca.md\/#organization","name":"\u041c\u0430\u0433\u0430\u0437\u0438\u043d \u0438\u0442\u0430\u043b\u044c\u044f\u043d\u0441\u043a\u0438\u0445 \u043a\u043e\u043b\u0433\u043e\u0442\u043e\u043a \u0432 \u041c\u043e\u043b\u0434\u043e\u0432\u0435 collanteca.md","url":"https:\/\/collanteca.md\/","logo":{"@type":"ImageObject","inLanguage":"ro-RO","@id":"https:\/\/collanteca.md\/#\/schema\/logo\/image\/","url":"https:\/\/collanteca.md\/wp-content\/uploads\/logo_collanteca.png","contentUrl":"https:\/\/collanteca.md\/wp-content\/uploads\/logo_collanteca.png","width":2133,"height":671,"caption":"\u041c\u0430\u0433\u0430\u0437\u0438\u043d \u0438\u0442\u0430\u043b\u044c\u044f\u043d\u0441\u043a\u0438\u0445 \u043a\u043e\u043b\u0433\u043e\u0442\u043e\u043a \u0432 \u041c\u043e\u043b\u0434\u043e\u0432\u0435 collanteca.md"},"image":{"@id":"https:\/\/collanteca.md\/#\/schema\/logo\/image\/"}}]}},"_links":{"self":[{"href":"https:\/\/collanteca.md\/ro\/wp-json\/wp\/v2\/pages\/36","targetHints":{"allow":["GET"]}}],"collection":[{"href":"https:\/\/collanteca.md\/ro\/wp-json\/wp\/v2\/pages"}],"about":[{"href":"https:\/\/collanteca.md\/ro\/wp-json\/wp\/v2\/types\/page"}],"author":[{"embeddable":true,"href":"https:\/\/collanteca.md\/ro\/wp-json\/wp\/v2\/users\/163"}],"replies":[{"embeddable":true,"href":"https:\/\/collanteca.md\/ro\/wp-json\/wp\/v2\/comments?post=36"}],"version-history":[{"count":49,"href":"https:\/\/collanteca.md\/ro\/wp-json\/wp\/v2\/pages\/36\/revisions"}],"predecessor-version":[{"id":4028,"href":"https:\/\/collanteca.md\/ro\/wp-json\/wp\/v2\/pages\/36\/revisions\/4028"}],"wp:featuredmedia":[{"embeddable":true,"href":"https:\/\/collanteca.md\/ro\/wp-json\/wp\/v2\/media\/64"}],"wp:attachment":[{"href":"https:\/\/collanteca.md\/ro\/wp-json\/wp\/v2\/media?parent=36"}],"curies":[{"name":"wp","href":"https:\/\/api.w.org\/{rel}","templated":true}]}}