{"id":1249,"date":"2021-02-27T10:59:55","date_gmt":"2021-02-27T07:59:55","guid":{"rendered":"https:\/\/collanteca.md\/?page_id=1249"},"modified":"2025-05-03T14:21:34","modified_gmt":"2025-05-03T11:21:34","slug":"oplata-i-dostavka","status":"publish","type":"page","link":"https:\/\/collanteca.md\/ro\/oplata-i-dostavka\/","title":{"rendered":"Livrare"},"content":{"rendered":"<div class=\"wpb-content-wrapper\"><div class=\"vc_row wpb_row vc_row-fluid\"><div class=\"wpb_column vc_column_container vc_col-sm-6\"><div class=\"vc_column-inner\"><div class=\"wpb_wrapper\">\n\t<div class=\"wpb_text_column wpb_content_element\" >\n\t\t<div class=\"wpb_wrapper\">\n\t\t\t<h3>Livrarea comenzilor \u00een valoare de 200 lei \u0219i peste este gratuit\u0103; la comanda de la 500 lei reducere 5%<\/h3>\n\n\t\t<\/div>\n\t<\/div>\n<\/div><\/div><\/div><div class=\"wpb_column vc_column_container vc_col-sm-6\"><div class=\"vc_column-inner\"><div class=\"wpb_wrapper\">\n\t<div class=\"wpb_text_column wpb_content_element\" >\n\t\t<div class=\"wpb_wrapper\">\n\t\t\t<h3 style=\"text-align: left;\">Livrarea unei comenzi de orice valoare catre departamentul de vinzari este gratuita<br \/>\nUnde se afla departamentul de vinzari:<br \/>\n-- magazin Collanteca intr-un C\/C Sun City (etajul al doilea,deasupra fantanii).<\/h3>\n\n\t\t<\/div>\n\t<\/div>\n<\/div><\/div><\/div><\/div><div class=\"vc_row wpb_row vc_row-fluid\"><div class=\"wpb_column vc_column_container vc_col-sm-6\"><div class=\"vc_column-inner\"><div class=\"wpb_wrapper\">\n\t<div class=\"wpb_text_column wpb_content_element\" >\n\t\t<div class=\"wpb_wrapper\">\n\t\t\t<h3>Cost de livrare pentru comenzi de pana la 200 lei - 50 lei<\/h3>\n\n\t\t<\/div>\n\t<\/div>\n<\/div><\/div><\/div><div class=\"wpb_column vc_column_container vc_col-sm-6\"><div class=\"vc_column-inner\"><div class=\"wpb_wrapper\">\n\t<div class=\"wpb_text_column wpb_content_element\" >\n\t\t<div class=\"wpb_wrapper\">\n\t\t\t<h3 style=\"text-align: left;\">\u2014 Plata comenzii la livrare \u2014 \u00een numerar sau cu cardul la terminal<br \/>\n\u2014 Livrarea m\u0103rfurilor \u00een 1-2 zile lucr\u0103toare;<\/h3>\n\n\t\t<\/div>\n\t<\/div>\n<div class=\"vc_message_box vc_message_box-standard vc_message_box-rounded vc_color-info vc_do_message\" ><div class=\"vc_message_box-icon\"><i class=\"fa fa-solid fa-circle-info\"><\/i><\/div><p>Reducerea nu se aplic\u0103 articolelor cu reducere \u0219i nu poate fi combinat\u0103 cu alte tipuri de reduceri.<\/p>\n<\/div><\/div><\/div><\/div><\/div><div class=\"vc_row wpb_row vc_row-fluid\"><div class=\"wpb_column vc_column_container vc_col-sm-12\"><div class=\"vc_column-inner\"><div class=\"wpb_wrapper\"><div class=\"vc_tta-container\" data-vc-action=\"collapseAll\"><div class=\"vc_general vc_tta vc_tta-accordion vc_tta-color-grey vc_tta-style-classic vc_tta-shape-rounded vc_tta-o-shape-group vc_tta-controls-align-default vc_tta-o-all-clickable\"><div class=\"vc_tta-panels-container\"><div class=\"vc_tta-panels\"><div class=\"vc_tta-panel\" id=\"1617556092570-61622f76-d548\" data-vc-content=\".vc_tta-panel-body\"><div class=\"vc_tta-panel-heading\"><h4 class=\"vc_tta-panel-title vc_tta-controls-icon-position-left\"><a href=\"#1617556092570-61622f76-d548\" data-vc-accordion data-vc-container=\".vc_tta-container\"><span class=\"vc_tta-title-text\">Cum pot achita comanda?<\/span><i class=\"vc_tta-controls-icon vc_tta-controls-icon-plus\"><\/i><\/a><\/h4><\/div><div class=\"vc_tta-panel-body\">\n\t<div class=\"wpb_text_column wpb_content_element\" >\n\t\t<div class=\"wpb_wrapper\">\n\t\t\t<p>Comanda se poate achita cash sau cu cardul la curier sau in magazine.<\/p>\n\n\t\t<\/div>\n\t<\/div>\n<\/div><\/div><div class=\"vc_tta-panel\" id=\"1617130901946-11970bbe-b452\" data-vc-content=\".vc_tta-panel-body\"><div class=\"vc_tta-panel-heading\"><h4 class=\"vc_tta-panel-title vc_tta-controls-icon-position-left\"><a href=\"#1617130901946-11970bbe-b452\" data-vc-accordion data-vc-container=\".vc_tta-container\"><span class=\"vc_tta-title-text\">Pot alege ziua \u0219i ora livr\u0103rii?<\/span><i class=\"vc_tta-controls-icon vc_tta-controls-icon-plus\"><\/i><\/a><\/h4><\/div><div class=\"vc_tta-panel-body\">\n\t<div class=\"wpb_text_column wpb_content_element\" >\n\t\t<div class=\"wpb_wrapper\">\n\t\t\t<p>Da, pute\u021bi specifica ziua \u0219i ora livr\u0103rii atunci c\u00e2nd plasa\u021bi o comand\u0103 pe site. \u00cen termen de 10 minute de la plasarea comenzii, v\u0103 vom contacta pentru a clarifica detaliile. Dac\u0103 dup\u0103 10 minute nu a\u021bi primit un r\u0103spuns, pute\u021bi suna <a href=\"tel: +37369110335\">+373 69 11 03 35<\/a>.<\/p>\n\n\t\t<\/div>\n\t<\/div>\n<\/div><\/div><div class=\"vc_tta-panel\" id=\"1617130901970-62f72259-688d\" data-vc-content=\".vc_tta-panel-body\"><div class=\"vc_tta-panel-heading\"><h4 class=\"vc_tta-panel-title vc_tta-controls-icon-position-left\"><a href=\"#1617130901970-62f72259-688d\" data-vc-accordion data-vc-container=\".vc_tta-container\"><span class=\"vc_tta-title-text\">Este posibil\u0103 livrarea \u00een afara Chi\u0219in\u0103ului?<\/span><i class=\"vc_tta-controls-icon vc_tta-controls-icon-plus\"><\/i><\/a><\/h4><\/div><div class=\"vc_tta-panel-body\">\n\t<div class=\"wpb_text_column wpb_content_element\" >\n\t\t<div class=\"wpb_wrapper\">\n\t\t\t<p>Nu, momentan livrarea se efectueaza doar in orasul Chisinau.<\/p>\n\n\t\t<\/div>\n\t<\/div>\n<\/div><\/div><div class=\"vc_tta-panel\" id=\"1617131933221-b09639f0-8b15\" data-vc-content=\".vc_tta-panel-body\"><div class=\"vc_tta-panel-heading\"><h4 class=\"vc_tta-panel-title vc_tta-controls-icon-position-left\"><a href=\"#1617131933221-b09639f0-8b15\" data-vc-accordion data-vc-container=\".vc_tta-container\"><span class=\"vc_tta-title-text\">C\u00e2t de repede va fi livrat\u0103 comanda mea?<\/span><i class=\"vc_tta-controls-icon vc_tta-controls-icon-plus\"><\/i><\/a><\/h4><\/div><div class=\"vc_tta-panel-body\">\n\t<div class=\"wpb_text_column wpb_content_element\" >\n\t\t<div class=\"wpb_wrapper\">\n\t\t\t<p>Livr\u0103m toate comenzile a doua zi.<\/p>\n<p>Dac\u0103 dori\u021bi s\u0103 primi\u021bi comanda mai rapid sau dori\u021bi s\u0103 alege\u021bi ziua \u0219i ora livr\u0103rii, pute\u021bi specifica ziua \u0219i ora la plasarea comenzii pe site. \u00cen termen de 10 minute de la plasarea comenzii, v\u0103 vom contacta pentru a clarifica detaliile. Dac\u0103 dup\u0103 10 minute nu a\u021bi primit r\u0103spuns, pute\u021bi suna la urm\u0103torul num\u0103r <a href=\"tel: +37369110335\">+373 69 11 03 35<\/a>.<\/p>\n\n\t\t<\/div>\n\t<\/div>\n<\/div><\/div><div class=\"vc_tta-panel\" id=\"1617134950314-bb45c9d8-1aa6\" data-vc-content=\".vc_tta-panel-body\"><div class=\"vc_tta-panel-heading\"><h4 class=\"vc_tta-panel-title vc_tta-controls-icon-position-left\"><a href=\"#1617134950314-bb45c9d8-1aa6\" data-vc-accordion data-vc-container=\".vc_tta-container\"><span class=\"vc_tta-title-text\">Unde sunt magazinele Collanteca?<\/span><i class=\"vc_tta-controls-icon vc_tta-controls-icon-plus\"><\/i><\/a><\/h4><\/div><div class=\"vc_tta-panel-body\">\n\t<div class=\"wpb_text_column wpb_content_element\" >\n\t\t<div class=\"wpb_wrapper\">\n\t\t\t<p>\u2014 Collanteca \u00een centrul comercial Sun Sity, etajul 2 deasupra f\u00e2nt\u00e2nii<\/p>\n\n\t\t<\/div>\n\t<\/div>\n\n\t<div class=\"wpb_text_column wpb_content_element\" >\n\t\t<div class=\"wpb_wrapper\">\n\t\t\t\n\t\t<\/div>\n\t<\/div>\n<\/div><\/div><\/div><\/div><\/div><\/div><\/div><\/div><\/div><\/div>\n<\/div>","protected":false},"excerpt":{"rendered":"\u0414\u043e\u0441\u0442\u0430\u0432\u043a\u0430 \u0437\u0430\u043a\u0430\u0437\u043e\u0432 \u043d\u0430 \u0441\u0443\u043c\u043c\u0443 \u043e\u0442 200 lei \u0438 \u0432\u044b\u0448\u0435 - \u0431\u0435\u0441\u043f\u043b\u0430\u0442\u043d\u043e ; \u043f\u0440\u0438 \u0437\u0430\u043a\u0430\u0437\u0435 \u043e\u0442 500 lei \u0441\u043a\u0438\u0434\u043a\u0430 5% \u0414\u043e\u0441\u0442\u0430\u0432\u043a\u0430","protected":false},"author":163,"featured_media":0,"parent":0,"menu_order":0,"comment_status":"closed","ping_status":"closed","template":"","meta":{"footnotes":""},"class_list":["post-1249","page","type-page","status-publish","hentry"],"yoast_head":"<!-- This site is optimized with the Yoast SEO plugin v27.4 - https:\/\/yoast.com\/product\/yoast-seo-wordpress\/ -->\n<title>\u0414\u043e\u0441\u0442\u0430\u0432\u043a\u0430 &#8211; \u043c\u0430\u0433\u0430\u0437\u0438\u043d \u0438\u0442\u0430\u043b\u044c\u044f\u043d\u0441\u043a\u0438\u0445 \u043a\u043e\u043b\u0433\u043e\u0442\u043e\u043a \u0432 \u041c\u043e\u043b\u0434\u043e\u0432\u0435 collanteca.md<\/title>\n<meta name=\"robots\" content=\"index, follow, max-snippet:-1, max-image-preview:large, max-video-preview:-1\" \/>\n<link rel=\"canonical\" href=\"https:\/\/collanteca.md\/ro\/oplata-i-dostavka\/\" \/>\n<meta property=\"og:locale\" content=\"ro_RO\" \/>\n<meta property=\"og:type\" content=\"article\" \/>\n<meta property=\"og:title\" content=\"\u0414\u043e\u0441\u0442\u0430\u0432\u043a\u0430 &#8211; \u043c\u0430\u0433\u0430\u0437\u0438\u043d \u0438\u0442\u0430\u043b\u044c\u044f\u043d\u0441\u043a\u0438\u0445 \u043a\u043e\u043b\u0433\u043e\u0442\u043e\u043a \u0432 \u041c\u043e\u043b\u0434\u043e\u0432\u0435 collanteca.md\" \/>\n<meta property=\"og:url\" content=\"https:\/\/collanteca.md\/ro\/oplata-i-dostavka\/\" \/>\n<meta property=\"og:site_name\" content=\"collanteca.md\" \/>\n<meta property=\"article:modified_time\" content=\"2025-05-03T11:21:34+00:00\" \/>\n<meta name=\"twitter:card\" content=\"summary_large_image\" \/>\n<meta name=\"twitter:label1\" content=\"Timp estimat pentru citire\" \/>\n\t<meta name=\"twitter:data1\" content=\"2 minute\" \/>\n<script type=\"application\/ld+json\" class=\"yoast-schema-graph\">{\"@context\":\"https:\\\/\\\/schema.org\",\"@graph\":[{\"@type\":\"WebPage\",\"@id\":\"https:\\\/\\\/collanteca.md\\\/oplata-i-dostavka\\\/\",\"url\":\"https:\\\/\\\/collanteca.md\\\/oplata-i-dostavka\\\/\",\"name\":\"\u0414\u043e\u0441\u0442\u0430\u0432\u043a\u0430 &#8211; \u043c\u0430\u0433\u0430\u0437\u0438\u043d \u0438\u0442\u0430\u043b\u044c\u044f\u043d\u0441\u043a\u0438\u0445 \u043a\u043e\u043b\u0433\u043e\u0442\u043e\u043a \u0432 \u041c\u043e\u043b\u0434\u043e\u0432\u0435 collanteca.md\",\"isPartOf\":{\"@id\":\"https:\\\/\\\/collanteca.md\\\/#website\"},\"datePublished\":\"2021-02-27T07:59:55+00:00\",\"dateModified\":\"2025-05-03T11:21:34+00:00\",\"breadcrumb\":{\"@id\":\"https:\\\/\\\/collanteca.md\\\/oplata-i-dostavka\\\/#breadcrumb\"},\"inLanguage\":\"ro-RO\",\"potentialAction\":[{\"@type\":\"ReadAction\",\"target\":[\"https:\\\/\\\/collanteca.md\\\/oplata-i-dostavka\\\/\"]}]},{\"@type\":\"BreadcrumbList\",\"@id\":\"https:\\\/\\\/collanteca.md\\\/oplata-i-dostavka\\\/#breadcrumb\",\"itemListElement\":[{\"@type\":\"ListItem\",\"position\":1,\"name\":\"Principala\",\"item\":\"https:\\\/\\\/collanteca.md\\\/\"},{\"@type\":\"ListItem\",\"position\":2,\"name\":\"\u0414\u043e\u0441\u0442\u0430\u0432\u043a\u0430\"}]},{\"@type\":\"WebSite\",\"@id\":\"https:\\\/\\\/collanteca.md\\\/#website\",\"url\":\"https:\\\/\\\/collanteca.md\\\/\",\"name\":\"collanteca.md\",\"description\":\"\u041c\u0430\u0433\u0430\u0437\u0438\u043d \u0438\u0442\u0430\u043b\u044c\u044f\u043d\u0441\u043a\u0438\u0445 \u043a\u043e\u043b\u0433\u043e\u0442\u043e\u043a \u0432 \u041c\u043e\u043b\u0434\u043e\u0432\u0435\",\"publisher\":{\"@id\":\"https:\\\/\\\/collanteca.md\\\/#organization\"},\"potentialAction\":[{\"@type\":\"SearchAction\",\"target\":{\"@type\":\"EntryPoint\",\"urlTemplate\":\"https:\\\/\\\/collanteca.md\\\/?s={search_term_string}\"},\"query-input\":{\"@type\":\"PropertyValueSpecification\",\"valueRequired\":true,\"valueName\":\"search_term_string\"}}],\"inLanguage\":\"ro-RO\"},{\"@type\":\"Organization\",\"@id\":\"https:\\\/\\\/collanteca.md\\\/#organization\",\"name\":\"\u041c\u0430\u0433\u0430\u0437\u0438\u043d \u0438\u0442\u0430\u043b\u044c\u044f\u043d\u0441\u043a\u0438\u0445 \u043a\u043e\u043b\u0433\u043e\u0442\u043e\u043a \u0432 \u041c\u043e\u043b\u0434\u043e\u0432\u0435 collanteca.md\",\"url\":\"https:\\\/\\\/collanteca.md\\\/\",\"logo\":{\"@type\":\"ImageObject\",\"inLanguage\":\"ro-RO\",\"@id\":\"https:\\\/\\\/collanteca.md\\\/#\\\/schema\\\/logo\\\/image\\\/\",\"url\":\"https:\\\/\\\/collanteca.md\\\/wp-content\\\/uploads\\\/logo_collanteca.png\",\"contentUrl\":\"https:\\\/\\\/collanteca.md\\\/wp-content\\\/uploads\\\/logo_collanteca.png\",\"width\":2133,\"height\":671,\"caption\":\"\u041c\u0430\u0433\u0430\u0437\u0438\u043d \u0438\u0442\u0430\u043b\u044c\u044f\u043d\u0441\u043a\u0438\u0445 \u043a\u043e\u043b\u0433\u043e\u0442\u043e\u043a \u0432 \u041c\u043e\u043b\u0434\u043e\u0432\u0435 collanteca.md\"},\"image\":{\"@id\":\"https:\\\/\\\/collanteca.md\\\/#\\\/schema\\\/logo\\\/image\\\/\"}}]}<\/script>\n<!-- \/ Yoast SEO plugin. -->","yoast_head_json":{"title":"\u0414\u043e\u0441\u0442\u0430\u0432\u043a\u0430 &#8211; \u043c\u0430\u0433\u0430\u0437\u0438\u043d \u0438\u0442\u0430\u043b\u044c\u044f\u043d\u0441\u043a\u0438\u0445 \u043a\u043e\u043b\u0433\u043e\u0442\u043e\u043a \u0432 \u041c\u043e\u043b\u0434\u043e\u0432\u0435 collanteca.md","robots":{"index":"index","follow":"follow","max-snippet":"max-snippet:-1","max-image-preview":"max-image-preview:large","max-video-preview":"max-video-preview:-1"},"canonical":"https:\/\/collanteca.md\/ro\/oplata-i-dostavka\/","og_locale":"ro_RO","og_type":"article","og_title":"\u0414\u043e\u0441\u0442\u0430\u0432\u043a\u0430 &#8211; \u043c\u0430\u0433\u0430\u0437\u0438\u043d \u0438\u0442\u0430\u043b\u044c\u044f\u043d\u0441\u043a\u0438\u0445 \u043a\u043e\u043b\u0433\u043e\u0442\u043e\u043a \u0432 \u041c\u043e\u043b\u0434\u043e\u0432\u0435 collanteca.md","og_url":"https:\/\/collanteca.md\/ro\/oplata-i-dostavka\/","og_site_name":"collanteca.md","article_modified_time":"2025-05-03T11:21:34+00:00","twitter_card":"summary_large_image","twitter_misc":{"Timp estimat pentru citire":"2 minute"},"schema":{"@context":"https:\/\/schema.org","@graph":[{"@type":"WebPage","@id":"https:\/\/collanteca.md\/oplata-i-dostavka\/","url":"https:\/\/collanteca.md\/oplata-i-dostavka\/","name":"\u0414\u043e\u0441\u0442\u0430\u0432\u043a\u0430 &#8211; \u043c\u0430\u0433\u0430\u0437\u0438\u043d \u0438\u0442\u0430\u043b\u044c\u044f\u043d\u0441\u043a\u0438\u0445 \u043a\u043e\u043b\u0433\u043e\u0442\u043e\u043a \u0432 \u041c\u043e\u043b\u0434\u043e\u0432\u0435 collanteca.md","isPartOf":{"@id":"https:\/\/collanteca.md\/#website"},"datePublished":"2021-02-27T07:59:55+00:00","dateModified":"2025-05-03T11:21:34+00:00","breadcrumb":{"@id":"https:\/\/collanteca.md\/oplata-i-dostavka\/#breadcrumb"},"inLanguage":"ro-RO","potentialAction":[{"@type":"ReadAction","target":["https:\/\/collanteca.md\/oplata-i-dostavka\/"]}]},{"@type":"BreadcrumbList","@id":"https:\/\/collanteca.md\/oplata-i-dostavka\/#breadcrumb","itemListElement":[{"@type":"ListItem","position":1,"name":"Principala","item":"https:\/\/collanteca.md\/"},{"@type":"ListItem","position":2,"name":"\u0414\u043e\u0441\u0442\u0430\u0432\u043a\u0430"}]},{"@type":"WebSite","@id":"https:\/\/collanteca.md\/#website","url":"https:\/\/collanteca.md\/","name":"collanteca.md","description":"\u041c\u0430\u0433\u0430\u0437\u0438\u043d \u0438\u0442\u0430\u043b\u044c\u044f\u043d\u0441\u043a\u0438\u0445 \u043a\u043e\u043b\u0433\u043e\u0442\u043e\u043a \u0432 \u041c\u043e\u043b\u0434\u043e\u0432\u0435","publisher":{"@id":"https:\/\/collanteca.md\/#organization"},"potentialAction":[{"@type":"SearchAction","target":{"@type":"EntryPoint","urlTemplate":"https:\/\/collanteca.md\/?s={search_term_string}"},"query-input":{"@type":"PropertyValueSpecification","valueRequired":true,"valueName":"search_term_string"}}],"inLanguage":"ro-RO"},{"@type":"Organization","@id":"https:\/\/collanteca.md\/#organization","name":"\u041c\u0430\u0433\u0430\u0437\u0438\u043d \u0438\u0442\u0430\u043b\u044c\u044f\u043d\u0441\u043a\u0438\u0445 \u043a\u043e\u043b\u0433\u043e\u0442\u043e\u043a \u0432 \u041c\u043e\u043b\u0434\u043e\u0432\u0435 collanteca.md","url":"https:\/\/collanteca.md\/","logo":{"@type":"ImageObject","inLanguage":"ro-RO","@id":"https:\/\/collanteca.md\/#\/schema\/logo\/image\/","url":"https:\/\/collanteca.md\/wp-content\/uploads\/logo_collanteca.png","contentUrl":"https:\/\/collanteca.md\/wp-content\/uploads\/logo_collanteca.png","width":2133,"height":671,"caption":"\u041c\u0430\u0433\u0430\u0437\u0438\u043d \u0438\u0442\u0430\u043b\u044c\u044f\u043d\u0441\u043a\u0438\u0445 \u043a\u043e\u043b\u0433\u043e\u0442\u043e\u043a \u0432 \u041c\u043e\u043b\u0434\u043e\u0432\u0435 collanteca.md"},"image":{"@id":"https:\/\/collanteca.md\/#\/schema\/logo\/image\/"}}]}},"_links":{"self":[{"href":"https:\/\/collanteca.md\/ro\/wp-json\/wp\/v2\/pages\/1249","targetHints":{"allow":["GET"]}}],"collection":[{"href":"https:\/\/collanteca.md\/ro\/wp-json\/wp\/v2\/pages"}],"about":[{"href":"https:\/\/collanteca.md\/ro\/wp-json\/wp\/v2\/types\/page"}],"author":[{"embeddable":true,"href":"https:\/\/collanteca.md\/ro\/wp-json\/wp\/v2\/users\/163"}],"replies":[{"embeddable":true,"href":"https:\/\/collanteca.md\/ro\/wp-json\/wp\/v2\/comments?post=1249"}],"version-history":[{"count":32,"href":"https:\/\/collanteca.md\/ro\/wp-json\/wp\/v2\/pages\/1249\/revisions"}],"predecessor-version":[{"id":4308,"href":"https:\/\/collanteca.md\/ro\/wp-json\/wp\/v2\/pages\/1249\/revisions\/4308"}],"wp:attachment":[{"href":"https:\/\/collanteca.md\/ro\/wp-json\/wp\/v2\/media?parent=1249"}],"curies":[{"name":"wp","href":"https:\/\/api.w.org\/{rel}","templated":true}]}}